 {"id":8725,"date":"2024-05-27T16:22:59","date_gmt":"2024-05-27T14:22:59","guid":{"rendered":"https:\/\/maxima-studios.com\/?page_id=8725"},"modified":"2024-08-16T16:10:43","modified_gmt":"2024-08-16T14:10:43","slug":"drone","status":"publish","type":"page","link":"https:\/\/maxima-studios.com\/en\/drone\/","title":{"rendered":"DRONE"},"content":{"rendered":"<div data-elementor-type=\"wp-page\" data-elementor-id=\"8725\" class=\"elementor elementor-8725\" data-elementor-post-type=\"page\">\n\t\t\t\t<div class=\"elementor-element elementor-element-b64a71b e-flex e-con-boxed e-con e-parent\" data-id=\"b64a71b\" data-element_type=\"container\" data-settings=\"{&quot;background_background&quot;:&quot;classic&quot;}\">\n\t\t\t\t\t<div class=\"e-con-inner\">\n\t\t\t\t<div class=\"elementor-element elementor-element-584ddc5 elementor-widget elementor-widget-heading\" data-id=\"584ddc5\" data-element_type=\"widget\" data-widget_type=\"heading.default\">\n\t\t\t\t<div class=\"elementor-widget-container\">\n\t\t\t\t\t<h2 class=\"elementor-heading-title elementor-size-default\">DRONE<\/h2>\t\t\t\t<\/div>\n\t\t\t\t<\/div>\n\t\t\t\t\t<\/div>\n\t\t\t\t<\/div>\n\t\t<div class=\"elementor-element elementor-element-a75ebb2 e-flex e-con-boxed e-con e-parent\" data-id=\"a75ebb2\" data-element_type=\"container\">\n\t\t\t\t\t<div class=\"e-con-inner\">\n\t\t\t\t<div class=\"elementor-element elementor-element-1a8f98f elementor-widget elementor-widget-text-editor\" data-id=\"1a8f98f\" data-element_type=\"widget\" data-widget_type=\"text-editor.default\">\n\t\t\t\t<div class=\"elementor-widget-container\">\n\t\t\t\t\t\t\t\t\t<div id=\"bgLayers_comp-lqckum3u\" class=\"MW5IWV\" style=\"text-align: center;\" data-hook=\"bgLayers\" data-motion-part=\"BG_LAYER\"><div id=\"bgLayers_comp-l9grlhca\" class=\"MW5IWV\" data-hook=\"bgLayers\" data-motion-part=\"BG_LAYER\"><div id=\"bgMedia_comp-l9grlhca\" class=\"VgO9Yg\" data-motion-part=\"BG_MEDIA\">Prise de vue a\u00e9rienne photo ou vid\u00e9o, pour un projet corporate, \u00e9v\u00e9nementiel ou artistique.<\/div><\/div><div class=\"\" data-mesh-id=\"comp-l9grlhcainlineContent\" data-testid=\"inline-content\"><div data-mesh-id=\"comp-l9grlhcainlineContent-gridContainer\" data-testid=\"mesh-container-content\"><div id=\"comp-l9grnmw8\" class=\"HcOXKn c9GqVL QxJLC3 comp-l9grnmw8 wixui-rich-text\" data-testid=\"richTextElement\"><p class=\"font_8 wixui-rich-text__text\"><span class=\"color_15 wixui-rich-text__text\"><span class=\"wixui-rich-text__text\">Nous vous accompagnons avec des dronistes experts, dans la plus grande s\u00e9curit\u00e9.<\/span><\/span><\/p><\/div><\/div><\/div><\/div>\t\t\t\t\t\t\t\t<\/div>\n\t\t\t\t<\/div>\n\t\t\t\t<div class=\"elementor-element elementor-element-1b09810 elementor-align-center elementor-widget elementor-widget-button\" data-id=\"1b09810\" data-element_type=\"widget\" data-widget_type=\"button.default\">\n\t\t\t\t<div class=\"elementor-widget-container\">\n\t\t\t\t\t\t\t\t\t<div class=\"elementor-button-wrapper\">\n\t\t\t\t\t<a class=\"elementor-button elementor-button-link elementor-size-sm\" href=\"\/en\/contact\/\">\n\t\t\t\t\t\t<span class=\"elementor-button-content-wrapper\">\n\t\t\t\t\t\t\t\t\t<span class=\"elementor-button-text\">Contactez-nous<\/span>\n\t\t\t\t\t<\/span>\n\t\t\t\t\t<\/a>\n\t\t\t\t<\/div>\n\t\t\t\t\t\t\t\t<\/div>\n\t\t\t\t<\/div>\n\t\t\t\t\t<\/div>\n\t\t\t\t<\/div>\n\t\t\t\t<\/div>","protected":false},"excerpt":{"rendered":"<p>DRONE Prise de vue a\u00e9rienne photo ou vid\u00e9o, pour un projet corporate, \u00e9v\u00e9nementiel ou artistique. Nous vous accompagnons avec des&#8230;<\/p>","protected":false},"author":1,"featured_media":0,"parent":0,"menu_order":0,"comment_status":"closed","ping_status":"closed","template":"elementor_header_footer","meta":{"footnotes":""},"class_list":["post-8725","page","type-page","status-publish","hentry"],"_links":{"self":[{"href":"https:\/\/maxima-studios.com\/en\/wp-json\/wp\/v2\/pages\/8725","targetHints":{"allow":["GET"]}}],"collection":[{"href":"https:\/\/maxima-studios.com\/en\/wp-json\/wp\/v2\/pages"}],"about":[{"href":"https:\/\/maxima-studios.com\/en\/wp-json\/wp\/v2\/types\/page"}],"author":[{"embeddable":true,"href":"https:\/\/maxima-studios.com\/en\/wp-json\/wp\/v2\/users\/1"}],"replies":[{"embeddable":true,"href":"https:\/\/maxima-studios.com\/en\/wp-json\/wp\/v2\/comments?post=8725"}],"version-history":[{"count":8,"href":"https:\/\/maxima-studios.com\/en\/wp-json\/wp\/v2\/pages\/8725\/revisions"}],"predecessor-version":[{"id":16318,"href":"https:\/\/maxima-studios.com\/en\/wp-json\/wp\/v2\/pages\/8725\/revisions\/16318"}],"wp:attachment":[{"href":"https:\/\/maxima-studios.com\/en\/wp-json\/wp\/v2\/media?parent=8725"}],"curies":[{"name":"wp","href":"https:\/\/api.w.org\/{rel}","templated":true}]}}