 {"id":44,"date":"2024-03-11T12:24:58","date_gmt":"2024-03-11T11:24:58","guid":{"rendered":"https:\/\/maxima-studios.com\/?page_id=44"},"modified":"2024-08-17T01:22:51","modified_gmt":"2024-08-16T23:22:51","slug":"faq","status":"publish","type":"page","link":"https:\/\/maxima-studios.com\/en\/faq\/","title":{"rendered":"FAQ"},"content":{"rendered":"<div data-elementor-type=\"wp-page\" data-elementor-id=\"44\" class=\"elementor elementor-44\" data-elementor-post-type=\"page\">\n\t\t\t\t<div class=\"elementor-element elementor-element-692a395 e-flex e-con-boxed e-con e-parent\" data-id=\"692a395\" data-element_type=\"container\" data-settings=\"{&quot;background_background&quot;:&quot;classic&quot;}\">\n\t\t\t\t\t<div class=\"e-con-inner\">\n\t\t\t\t<div class=\"elementor-element elementor-element-1454006 elementor-widget__width-inherit elementor-widget elementor-widget-heading\" data-id=\"1454006\" data-element_type=\"widget\" data-widget_type=\"heading.default\">\n\t\t\t\t<div class=\"elementor-widget-container\">\n\t\t\t\t\t<h2 class=\"elementor-heading-title elementor-size-default\">FAQ<\/h2>\t\t\t\t<\/div>\n\t\t\t\t<\/div>\n\t\t<a class=\"elementor-element elementor-element-ced11f6 e-con-full e-transform e-flex e-con e-child\" data-id=\"ced11f6\" data-element_type=\"container\" data-settings=\"{&quot;background_background&quot;:&quot;classic&quot;,&quot;_transform_scale_effect_hover&quot;:{&quot;unit&quot;:&quot;px&quot;,&quot;size&quot;:1.1,&quot;sizes&quot;:[]},&quot;_transform_scale_effect_hover_mobile&quot;:{&quot;unit&quot;:&quot;px&quot;,&quot;size&quot;:1,&quot;sizes&quot;:[]},&quot;_transform_scale_effect_hover_tablet&quot;:{&quot;unit&quot;:&quot;px&quot;,&quot;size&quot;:&quot;&quot;,&quot;sizes&quot;:[]}}\" href=\"\/en\/faq\/documents\/\">\n\t\t\t\t<div class=\"elementor-element elementor-element-1292f2e elementor-widget__width-initial elementor-widget elementor-widget-text-editor\" data-id=\"1292f2e\" data-element_type=\"widget\" data-widget_type=\"text-editor.default\">\n\t\t\t\t<div class=\"elementor-widget-container\">\n\t\t\t\t\t\t\t\t\t<div id=\"comp-lqfb4p9y\" class=\"MazNVa comp-lqfb4p9y wixui-image\" title=\"d36ac0_b1a7d3a5edef48b19870588e22c92cc9~mv2.png\"><div class=\"j7pOnl\" data-testid=\"linkElement\"><div id=\"comp-lqfbnl21\" class=\"MazNVa comp-lqfbnl21 wixui-image\" title=\"d36ac0_014d2456e90043d89e03b019eb46e494~mv2.png\"><div class=\"j7pOnl\" data-testid=\"linkElement\"><div id=\"comp-lnem18v71__item1\" class=\"MazNVa comp-lnem18v71 wixui-image rYiAuL\"><img decoding=\"async\" src=\"https:\/\/static.wixstatic.com\/media\/70fec7_832271b82dbb4d1a9bba12e3fdb24212~mv2.png\/v1\/fill\/w_86,h_75,al_c,q_85,usm_0.66_1.00_0.01,enc_auto\/Plan%20de%20travail%201%20copie%2018.png\" alt=\"icone document \u00e0 fournir \" width=\"76\" height=\"67\" \/><\/div><div>\u00a0<\/div><div>\u00a0<\/div><div>DOCUMENTS TO PROVIDE<\/div><\/div><\/div><\/div><\/div>\t\t\t\t\t\t\t\t<\/div>\n\t\t\t\t<\/div>\n\t\t\t\t<\/a>\n\t\t<a class=\"elementor-element elementor-element-41b6a40 e-con-full e-transform e-flex e-con e-child\" data-id=\"41b6a40\" data-element_type=\"container\" data-settings=\"{&quot;background_background&quot;:&quot;classic&quot;,&quot;_transform_scale_effect_hover&quot;:{&quot;unit&quot;:&quot;px&quot;,&quot;size&quot;:1.1,&quot;sizes&quot;:[]},&quot;_transform_scale_effect_hover_mobile&quot;:{&quot;unit&quot;:&quot;px&quot;,&quot;size&quot;:1,&quot;sizes&quot;:[]},&quot;_transform_scale_effect_hover_tablet&quot;:{&quot;unit&quot;:&quot;px&quot;,&quot;size&quot;:&quot;&quot;,&quot;sizes&quot;:[]}}\" href=\"\/en\/faq\/paiement\/\">\n\t\t\t\t<div class=\"elementor-element elementor-element-ba5216a elementor-widget__width-initial elementor-widget elementor-widget-text-editor\" data-id=\"ba5216a\" data-element_type=\"widget\" data-widget_type=\"text-editor.default\">\n\t\t\t\t<div class=\"elementor-widget-container\">\n\t\t\t\t\t\t\t\t\t<div id=\"comp-lqfb4p9y\" class=\"MazNVa comp-lqfb4p9y wixui-image\" title=\"d36ac0_b1a7d3a5edef48b19870588e22c92cc9~mv2.png\"><div class=\"j7pOnl\" data-testid=\"linkElement\"><div id=\"comp-lqfbnl21\" class=\"MazNVa comp-lqfbnl21 wixui-image\" title=\"d36ac0_014d2456e90043d89e03b019eb46e494~mv2.png\"><div class=\"j7pOnl\" data-testid=\"linkElement\"><div id=\"comp-lnem18v71__item1\" class=\"MazNVa comp-lnem18v71 wixui-image rYiAuL\"><div id=\"comp-lnem18v71__item-ke6pond6\" class=\"MazNVa comp-lnem18v71 wixui-image rYiAuL\"><img decoding=\"async\" src=\"https:\/\/static.wixstatic.com\/media\/70fec7_8785ec0833eb49bab621ebdbbe7698e5~mv2.png\/v1\/crop\/x_34,y_0,w_423,h_432\/fill\/w_86,h_75,al_c,q_85,usm_0.66_1.00_0.01,enc_auto\/Plan%20de%20travail%201%20copie%2014.png\" alt=\"icone carte bancaire\" width=\"76\" height=\"67\" \/><\/div><\/div><\/div><\/div><\/div><\/div><div>\u00a0<\/div><div>\u00a0<\/div><div>PAYMENT &amp; DEPOSIT<\/div>\t\t\t\t\t\t\t\t<\/div>\n\t\t\t\t<\/div>\n\t\t\t\t<\/a>\n\t\t<a class=\"elementor-element elementor-element-a016c49 e-con-full e-transform e-flex e-con e-child\" data-id=\"a016c49\" data-element_type=\"container\" data-settings=\"{&quot;background_background&quot;:&quot;classic&quot;,&quot;_transform_scale_effect_hover&quot;:{&quot;unit&quot;:&quot;px&quot;,&quot;size&quot;:1.1,&quot;sizes&quot;:[]},&quot;_transform_scale_effect_hover_mobile&quot;:{&quot;unit&quot;:&quot;px&quot;,&quot;size&quot;:1,&quot;sizes&quot;:[]},&quot;_transform_scale_effect_hover_tablet&quot;:{&quot;unit&quot;:&quot;px&quot;,&quot;size&quot;:&quot;&quot;,&quot;sizes&quot;:[]}}\" href=\"\/en\/faq\/assurance\/\">\n\t\t\t\t<div class=\"elementor-element elementor-element-eafce45 elementor-widget__width-initial elementor-widget elementor-widget-text-editor\" data-id=\"eafce45\" data-element_type=\"widget\" data-widget_type=\"text-editor.default\">\n\t\t\t\t<div class=\"elementor-widget-container\">\n\t\t\t\t\t\t\t\t\t<div id=\"comp-lqfb4p9y\" class=\"MazNVa comp-lqfb4p9y wixui-image\" title=\"d36ac0_b1a7d3a5edef48b19870588e22c92cc9~mv2.png\"><div class=\"j7pOnl\" data-testid=\"linkElement\"><div id=\"comp-lqfbnl21\" class=\"MazNVa comp-lqfbnl21 wixui-image\" title=\"d36ac0_014d2456e90043d89e03b019eb46e494~mv2.png\"><div class=\"j7pOnl\" data-testid=\"linkElement\"><div id=\"comp-lnem18v71__item1\" class=\"MazNVa comp-lnem18v71 wixui-image rYiAuL\"><div id=\"comp-lnem18v71__item-ke6pomvd\" class=\"MazNVa comp-lnem18v71 wixui-image rYiAuL\"><img decoding=\"async\" src=\"https:\/\/static.wixstatic.com\/media\/70fec7_1f394fac996141e0916b6cf736d601bb~mv2.png\/v1\/crop\/x_4,y_0,w_483,h_433\/fill\/w_86,h_75,al_c,q_85,usm_0.66_1.00_0.01,enc_auto\/Plan%20de%20travail%201%20copie%2026.png\" alt=\"icone s\u00e9curit\u00e9 \" width=\"76\" height=\"67\" \/><\/div><\/div><\/div><\/div><\/div><\/div><div data-testid=\"container-bg\">\u00a0<\/div><div data-testid=\"container-bg\">\u00a0<\/div><div data-testid=\"container-bg\">INSURANCE<\/div>\t\t\t\t\t\t\t\t<\/div>\n\t\t\t\t<\/div>\n\t\t\t\t<\/a>\n\t\t<a class=\"elementor-element elementor-element-8f2552d e-con-full e-transform e-flex e-con e-child\" data-id=\"8f2552d\" data-element_type=\"container\" data-settings=\"{&quot;background_background&quot;:&quot;classic&quot;,&quot;_transform_scale_effect_hover&quot;:{&quot;unit&quot;:&quot;px&quot;,&quot;size&quot;:1.1,&quot;sizes&quot;:[]},&quot;_transform_scale_effect_hover_mobile&quot;:{&quot;unit&quot;:&quot;px&quot;,&quot;size&quot;:1,&quot;sizes&quot;:[]},&quot;_transform_scale_effect_hover_tablet&quot;:{&quot;unit&quot;:&quot;px&quot;,&quot;size&quot;:&quot;&quot;,&quot;sizes&quot;:[]}}\" href=\"\/en\/faq\/retard\/\">\n\t\t\t\t<div class=\"elementor-element elementor-element-89991a3 elementor-widget__width-initial elementor-widget elementor-widget-text-editor\" data-id=\"89991a3\" data-element_type=\"widget\" data-widget_type=\"text-editor.default\">\n\t\t\t\t<div class=\"elementor-widget-container\">\n\t\t\t\t\t\t\t\t\t<div id=\"comp-lqfb4p9y\" class=\"MazNVa comp-lqfb4p9y wixui-image\" title=\"d36ac0_b1a7d3a5edef48b19870588e22c92cc9~mv2.png\"><div class=\"j7pOnl\" data-testid=\"linkElement\"><div id=\"comp-lqfbnl21\" class=\"MazNVa comp-lqfbnl21 wixui-image\" title=\"d36ac0_014d2456e90043d89e03b019eb46e494~mv2.png\"><div class=\"j7pOnl\" data-testid=\"linkElement\"><div id=\"comp-lnem18v71__item1\" class=\"MazNVa comp-lnem18v71 wixui-image rYiAuL\"><div id=\"comp-lnem18v71__item-ke6pony1\" class=\"MazNVa comp-lnem18v71 wixui-image rYiAuL\"><img loading=\"lazy\" decoding=\"async\" src=\"https:\/\/static.wixstatic.com\/media\/70fec7_d39e6f3c2e164542b128fa0586132290~mv2.png\/v1\/fill\/w_86,h_75,al_c,q_85,usm_0.66_1.00_0.01,enc_auto\/Plan%20de%20travail%201%20copie%2024.png\" alt=\"icone retard et annulation \" width=\"76\" height=\"67\" \/><\/div><div id=\"comp-lnem18vc4__item-ke6pony1\" class=\"hFQZVn comp-lnem18vc4\"><div data-testid=\"container-bg\">\u00a0<\/div><div data-testid=\"container-bg\">\u00a0<\/div><div class=\"nTiihL wixui-box\" data-testid=\"container-bg\">LATE FEES &amp; CANCELLATIONS<\/div><\/div><\/div><\/div><\/div><\/div><\/div>\t\t\t\t\t\t\t\t<\/div>\n\t\t\t\t<\/div>\n\t\t\t\t<\/a>\n\t\t<a class=\"elementor-element elementor-element-001287a e-con-full e-transform e-flex e-con e-child\" data-id=\"001287a\" data-element_type=\"container\" data-settings=\"{&quot;background_background&quot;:&quot;classic&quot;,&quot;_transform_scale_effect_hover&quot;:{&quot;unit&quot;:&quot;px&quot;,&quot;size&quot;:1.1,&quot;sizes&quot;:[]},&quot;_transform_scale_effect_hover_mobile&quot;:{&quot;unit&quot;:&quot;px&quot;,&quot;size&quot;:1,&quot;sizes&quot;:[]},&quot;_transform_scale_effect_hover_tablet&quot;:{&quot;unit&quot;:&quot;px&quot;,&quot;size&quot;:&quot;&quot;,&quot;sizes&quot;:[]}}\" href=\"\/en\/faq\/entretien\/\">\n\t\t\t\t<div class=\"elementor-element elementor-element-fdd1ec4 elementor-widget__width-initial elementor-widget elementor-widget-text-editor\" data-id=\"fdd1ec4\" data-element_type=\"widget\" data-widget_type=\"text-editor.default\">\n\t\t\t\t<div class=\"elementor-widget-container\">\n\t\t\t\t\t\t\t\t\t<div id=\"comp-lqfb4p9y\" class=\"MazNVa comp-lqfb4p9y wixui-image\" title=\"d36ac0_b1a7d3a5edef48b19870588e22c92cc9~mv2.png\"><div class=\"j7pOnl\" data-testid=\"linkElement\"><div id=\"comp-lqfbnl21\" class=\"MazNVa comp-lqfbnl21 wixui-image\" title=\"d36ac0_014d2456e90043d89e03b019eb46e494~mv2.png\"><div class=\"j7pOnl\" data-testid=\"linkElement\"><div id=\"comp-lnem18v71__item1\" class=\"MazNVa comp-lnem18v71 wixui-image rYiAuL\"><div id=\"comp-lnem18v71__item-lnlivad3\" class=\"MazNVa comp-lnem18v71 wixui-image rYiAuL\"><img loading=\"lazy\" decoding=\"async\" src=\"https:\/\/static.wixstatic.com\/media\/70fec7_c5f1a6b08d034a5a8d135ae7438323aa~mv2.png\/v1\/fill\/w_86,h_75,al_c,q_85,usm_0.66_1.00_0.01,enc_auto\/Plan%20de%20travail%201%20copie%2022.png\" alt=\"icone casse et vol\" width=\"76\" height=\"67\" \/><\/div><div id=\"comp-lnem18vc4__item-lnlivad3\" class=\"hFQZVn comp-lnem18vc4\"><div data-testid=\"container-bg\">\u00a0<\/div><div data-testid=\"container-bg\">\u00a0<\/div><div class=\"nTiihL wixui-box\" data-testid=\"container-bg\">WEAR, DAMAGE &amp; THEFT<\/div><\/div><\/div><\/div><\/div><\/div><\/div>\t\t\t\t\t\t\t\t<\/div>\n\t\t\t\t<\/div>\n\t\t\t\t<\/a>\n\t\t\t\t\t<\/div>\n\t\t\t\t<\/div>\n\t\t\t\t<\/div>","protected":false},"excerpt":{"rendered":"<p>FAQ \u00a0\u00a0DOCUMENTS \u00c0 FOURNIR\u00a0\u00a0PAIEMENT &amp; CAUTION\u00a0\u00a0ASSURANCE\u00a0\u00a0RETARD &amp; ANNULATION\u00a0\u00a0USURE, CASSE &amp; VOL<\/p>","protected":false},"author":1,"featured_media":0,"parent":0,"menu_order":0,"comment_status":"closed","ping_status":"closed","template":"elementor_header_footer","meta":{"footnotes":""},"class_list":["post-44","page","type-page","status-publish","hentry"],"yoast_head":"<!-- This site is optimized with the Yoast SEO plugin v27.3 - https:\/\/yoast.com\/product\/yoast-seo-wordpress\/ -->\n<title>FAQ - Maximaloc<\/title>\n<meta name=\"description\" content=\"FAQ Maximaloc : R\u00e9ponses claires sur la location de mat\u00e9riel vid\u00e9o et audio. Tarifs, choix, conseils - Votre projet au meilleur prix.\" \/>\n<meta name=\"robots\" content=\"index, follow, max-snippet:-1, max-image-preview:large, max-video-preview:-1\" \/>\n<link rel=\"canonical\" href=\"https:\/\/maxima-studios.com\/en\/faq\/\" \/>\n<meta property=\"og:locale\" content=\"en_US\" \/>\n<meta property=\"og:type\" content=\"article\" \/>\n<meta property=\"og:title\" content=\"FAQ - Maximaloc\" \/>\n<meta property=\"og:description\" content=\"FAQ Maximaloc : R\u00e9ponses claires sur la location de mat\u00e9riel vid\u00e9o et audio. Tarifs, choix, conseils - Votre projet au meilleur prix.\" \/>\n<meta property=\"og:url\" content=\"https:\/\/maxima-studios.com\/en\/faq\/\" \/>\n<meta property=\"og:site_name\" content=\"Maximaloc\" \/>\n<meta property=\"article:publisher\" content=\"https:\/\/www.facebook.com\/Maximalocation\" \/>\n<meta property=\"article:modified_time\" content=\"2024-08-16T23:22:51+00:00\" \/>\n<meta property=\"og:image\" content=\"https:\/\/static.wixstatic.com\/media\/70fec7_832271b82dbb4d1a9bba12e3fdb24212~mv2.png\/v1\/fill\/w_86,h_75,al_c,q_85,usm_0.66_1.00_0.01,enc_auto\/Plan%20de%20travail%201%20copie%2018.png\" \/>\n<meta name=\"twitter:card\" content=\"summary_large_image\" \/>\n<meta name=\"twitter:label1\" content=\"Est. reading time\" \/>\n\t<meta name=\"twitter:data1\" content=\"2 minutes\" \/>\n<script type=\"application\/ld+json\" class=\"yoast-schema-graph\">{\"@context\":\"https:\\\/\\\/schema.org\",\"@graph\":[{\"@type\":\"WebPage\",\"@id\":\"https:\\\/\\\/maxima-studios.com\\\/faq\\\/\",\"url\":\"https:\\\/\\\/maxima-studios.com\\\/faq\\\/\",\"name\":\"FAQ - Maximaloc\",\"isPartOf\":{\"@id\":\"https:\\\/\\\/maxima-studios.com\\\/#website\"},\"primaryImageOfPage\":{\"@id\":\"https:\\\/\\\/maxima-studios.com\\\/faq\\\/#primaryimage\"},\"image\":{\"@id\":\"https:\\\/\\\/maxima-studios.com\\\/faq\\\/#primaryimage\"},\"thumbnailUrl\":\"https:\\\/\\\/static.wixstatic.com\\\/media\\\/70fec7_832271b82dbb4d1a9bba12e3fdb24212~mv2.png\\\/v1\\\/fill\\\/w_86,h_75,al_c,q_85,usm_0.66_1.00_0.01,enc_auto\\\/Plan%20de%20travail%201%20copie%2018.png\",\"datePublished\":\"2024-03-11T11:24:58+00:00\",\"dateModified\":\"2024-08-16T23:22:51+00:00\",\"description\":\"FAQ Maximaloc : R\u00e9ponses claires sur la location de mat\u00e9riel vid\u00e9o et audio. Tarifs, choix, conseils - Votre projet au meilleur prix.\",\"breadcrumb\":{\"@id\":\"https:\\\/\\\/maxima-studios.com\\\/faq\\\/#breadcrumb\"},\"inLanguage\":\"en-US\",\"potentialAction\":[{\"@type\":\"ReadAction\",\"target\":[\"https:\\\/\\\/maxima-studios.com\\\/faq\\\/\"]}]},{\"@type\":\"ImageObject\",\"inLanguage\":\"en-US\",\"@id\":\"https:\\\/\\\/maxima-studios.com\\\/faq\\\/#primaryimage\",\"url\":\"https:\\\/\\\/static.wixstatic.com\\\/media\\\/70fec7_832271b82dbb4d1a9bba12e3fdb24212~mv2.png\\\/v1\\\/fill\\\/w_86,h_75,al_c,q_85,usm_0.66_1.00_0.01,enc_auto\\\/Plan%20de%20travail%201%20copie%2018.png\",\"contentUrl\":\"https:\\\/\\\/static.wixstatic.com\\\/media\\\/70fec7_832271b82dbb4d1a9bba12e3fdb24212~mv2.png\\\/v1\\\/fill\\\/w_86,h_75,al_c,q_85,usm_0.66_1.00_0.01,enc_auto\\\/Plan%20de%20travail%201%20copie%2018.png\"},{\"@type\":\"BreadcrumbList\",\"@id\":\"https:\\\/\\\/maxima-studios.com\\\/faq\\\/#breadcrumb\",\"itemListElement\":[{\"@type\":\"ListItem\",\"position\":1,\"name\":\"Accueil\",\"item\":\"https:\\\/\\\/maxima-studios.com\\\/\"},{\"@type\":\"ListItem\",\"position\":2,\"name\":\"FAQ\"}]},{\"@type\":\"WebSite\",\"@id\":\"https:\\\/\\\/maxima-studios.com\\\/#website\",\"url\":\"https:\\\/\\\/maxima-studios.com\\\/\",\"name\":\"Maximaloc\",\"description\":\"\",\"publisher\":{\"@id\":\"https:\\\/\\\/maxima-studios.com\\\/#organization\"},\"potentialAction\":[{\"@type\":\"SearchAction\",\"target\":{\"@type\":\"EntryPoint\",\"urlTemplate\":\"https:\\\/\\\/maxima-studios.com\\\/?s={search_term_string}\"},\"query-input\":{\"@type\":\"PropertyValueSpecification\",\"valueRequired\":true,\"valueName\":\"search_term_string\"}}],\"inLanguage\":\"en-US\"},{\"@type\":\"Organization\",\"@id\":\"https:\\\/\\\/maxima-studios.com\\\/#organization\",\"name\":\"Maximaloc\",\"url\":\"https:\\\/\\\/maxima-studios.com\\\/\",\"logo\":{\"@type\":\"ImageObject\",\"inLanguage\":\"en-US\",\"@id\":\"https:\\\/\\\/maxima-studios.com\\\/#\\\/schema\\\/logo\\\/image\\\/\",\"url\":\"https:\\\/\\\/maxima-studios.com\\\/wp-content\\\/uploads\\\/2024\\\/03\\\/logo_noir-scaled.png\",\"contentUrl\":\"https:\\\/\\\/maxima-studios.com\\\/wp-content\\\/uploads\\\/2024\\\/03\\\/logo_noir-scaled.png\",\"width\":2560,\"height\":268,\"caption\":\"Maximaloc\"},\"image\":{\"@id\":\"https:\\\/\\\/maxima-studios.com\\\/#\\\/schema\\\/logo\\\/image\\\/\"},\"sameAs\":[\"https:\\\/\\\/www.facebook.com\\\/Maximalocation\"]}]}<\/script>\n<!-- \/ Yoast SEO plugin. -->","yoast_head_json":{"title":"FAQ - Maximaloc","description":"FAQ Maximaloc : R\u00e9ponses claires sur la location de mat\u00e9riel vid\u00e9o et audio. Tarifs, choix, conseils - Votre projet au meilleur prix.","robots":{"index":"index","follow":"follow","max-snippet":"max-snippet:-1","max-image-preview":"max-image-preview:large","max-video-preview":"max-video-preview:-1"},"canonical":"https:\/\/maxima-studios.com\/en\/faq\/","og_locale":"en_US","og_type":"article","og_title":"FAQ - Maximaloc","og_description":"FAQ Maximaloc : R\u00e9ponses claires sur la location de mat\u00e9riel vid\u00e9o et audio. Tarifs, choix, conseils - Votre projet au meilleur prix.","og_url":"https:\/\/maxima-studios.com\/en\/faq\/","og_site_name":"Maximaloc","article_publisher":"https:\/\/www.facebook.com\/Maximalocation","article_modified_time":"2024-08-16T23:22:51+00:00","og_image":[{"url":"https:\/\/static.wixstatic.com\/media\/70fec7_832271b82dbb4d1a9bba12e3fdb24212~mv2.png\/v1\/fill\/w_86,h_75,al_c,q_85,usm_0.66_1.00_0.01,enc_auto\/Plan%20de%20travail%201%20copie%2018.png","type":"","width":"","height":""}],"twitter_card":"summary_large_image","twitter_misc":{"Est. reading time":"2 minutes"},"schema":{"@context":"https:\/\/schema.org","@graph":[{"@type":"WebPage","@id":"https:\/\/maxima-studios.com\/faq\/","url":"https:\/\/maxima-studios.com\/faq\/","name":"FAQ - Maximaloc","isPartOf":{"@id":"https:\/\/maxima-studios.com\/#website"},"primaryImageOfPage":{"@id":"https:\/\/maxima-studios.com\/faq\/#primaryimage"},"image":{"@id":"https:\/\/maxima-studios.com\/faq\/#primaryimage"},"thumbnailUrl":"https:\/\/static.wixstatic.com\/media\/70fec7_832271b82dbb4d1a9bba12e3fdb24212~mv2.png\/v1\/fill\/w_86,h_75,al_c,q_85,usm_0.66_1.00_0.01,enc_auto\/Plan%20de%20travail%201%20copie%2018.png","datePublished":"2024-03-11T11:24:58+00:00","dateModified":"2024-08-16T23:22:51+00:00","description":"FAQ Maximaloc : R\u00e9ponses claires sur la location de mat\u00e9riel vid\u00e9o et audio. Tarifs, choix, conseils - Votre projet au meilleur prix.","breadcrumb":{"@id":"https:\/\/maxima-studios.com\/faq\/#breadcrumb"},"inLanguage":"en-US","potentialAction":[{"@type":"ReadAction","target":["https:\/\/maxima-studios.com\/faq\/"]}]},{"@type":"ImageObject","inLanguage":"en-US","@id":"https:\/\/maxima-studios.com\/faq\/#primaryimage","url":"https:\/\/static.wixstatic.com\/media\/70fec7_832271b82dbb4d1a9bba12e3fdb24212~mv2.png\/v1\/fill\/w_86,h_75,al_c,q_85,usm_0.66_1.00_0.01,enc_auto\/Plan%20de%20travail%201%20copie%2018.png","contentUrl":"https:\/\/static.wixstatic.com\/media\/70fec7_832271b82dbb4d1a9bba12e3fdb24212~mv2.png\/v1\/fill\/w_86,h_75,al_c,q_85,usm_0.66_1.00_0.01,enc_auto\/Plan%20de%20travail%201%20copie%2018.png"},{"@type":"BreadcrumbList","@id":"https:\/\/maxima-studios.com\/faq\/#breadcrumb","itemListElement":[{"@type":"ListItem","position":1,"name":"Accueil","item":"https:\/\/maxima-studios.com\/"},{"@type":"ListItem","position":2,"name":"FAQ"}]},{"@type":"WebSite","@id":"https:\/\/maxima-studios.com\/#website","url":"https:\/\/maxima-studios.com\/","name":"Maximaloc","description":"","publisher":{"@id":"https:\/\/maxima-studios.com\/#organization"},"potentialAction":[{"@type":"SearchAction","target":{"@type":"EntryPoint","urlTemplate":"https:\/\/maxima-studios.com\/?s={search_term_string}"},"query-input":{"@type":"PropertyValueSpecification","valueRequired":true,"valueName":"search_term_string"}}],"inLanguage":"en-US"},{"@type":"Organization","@id":"https:\/\/maxima-studios.com\/#organization","name":"Maximaloc","url":"https:\/\/maxima-studios.com\/","logo":{"@type":"ImageObject","inLanguage":"en-US","@id":"https:\/\/maxima-studios.com\/#\/schema\/logo\/image\/","url":"https:\/\/maxima-studios.com\/wp-content\/uploads\/2024\/03\/logo_noir-scaled.png","contentUrl":"https:\/\/maxima-studios.com\/wp-content\/uploads\/2024\/03\/logo_noir-scaled.png","width":2560,"height":268,"caption":"Maximaloc"},"image":{"@id":"https:\/\/maxima-studios.com\/#\/schema\/logo\/image\/"},"sameAs":["https:\/\/www.facebook.com\/Maximalocation"]}]}},"_links":{"self":[{"href":"https:\/\/maxima-studios.com\/en\/wp-json\/wp\/v2\/pages\/44","targetHints":{"allow":["GET"]}}],"collection":[{"href":"https:\/\/maxima-studios.com\/en\/wp-json\/wp\/v2\/pages"}],"about":[{"href":"https:\/\/maxima-studios.com\/en\/wp-json\/wp\/v2\/types\/page"}],"author":[{"embeddable":true,"href":"https:\/\/maxima-studios.com\/en\/wp-json\/wp\/v2\/users\/1"}],"replies":[{"embeddable":true,"href":"https:\/\/maxima-studios.com\/en\/wp-json\/wp\/v2\/comments?post=44"}],"version-history":[{"count":223,"href":"https:\/\/maxima-studios.com\/en\/wp-json\/wp\/v2\/pages\/44\/revisions"}],"predecessor-version":[{"id":16664,"href":"https:\/\/maxima-studios.com\/en\/wp-json\/wp\/v2\/pages\/44\/revisions\/16664"}],"wp:attachment":[{"href":"https:\/\/maxima-studios.com\/en\/wp-json\/wp\/v2\/media?parent=44"}],"curies":[{"name":"wp","href":"https:\/\/api.w.org\/{rel}","templated":true}]}}