 {"id":38,"date":"2024-03-11T12:23:57","date_gmt":"2024-03-11T11:23:57","guid":{"rendered":"https:\/\/maxima-studios.com\/?page_id=38"},"modified":"2025-07-02T11:07:40","modified_gmt":"2025-07-02T09:07:40","slug":"services","status":"publish","type":"page","link":"https:\/\/maxima-studios.com\/en\/services\/","title":{"rendered":"SERVICES"},"content":{"rendered":"<div data-elementor-type=\"wp-page\" data-elementor-id=\"38\" class=\"elementor elementor-38\" data-elementor-post-type=\"page\">\n\t\t\t\t<div class=\"elementor-element elementor-element-8870933 e-flex e-con-boxed e-con e-parent\" data-id=\"8870933\" data-element_type=\"container\" data-settings=\"{&quot;background_background&quot;:&quot;classic&quot;}\">\n\t\t\t\t\t<div class=\"e-con-inner\">\n\t\t\t\t<div class=\"elementor-element elementor-element-e5e8efb elementor-hidden-desktop elementor-hidden-tablet elementor-widget elementor-widget-spacer\" data-id=\"e5e8efb\" data-element_type=\"widget\" data-widget_type=\"spacer.default\">\n\t\t\t\t<div class=\"elementor-widget-container\">\n\t\t\t\t\t\t\t<div class=\"elementor-spacer\">\n\t\t\t<div class=\"elementor-spacer-inner\"><\/div>\n\t\t<\/div>\n\t\t\t\t\t\t<\/div>\n\t\t\t\t<\/div>\n\t\t<div class=\"elementor-element elementor-element-5ea0ad0 e-con-full e-flex e-con e-child\" data-id=\"5ea0ad0\" data-element_type=\"container\">\n\t\t\t\t<div class=\"elementor-element elementor-element-97f7061 elementor-widget elementor-widget-heading\" data-id=\"97f7061\" data-element_type=\"widget\" data-widget_type=\"heading.default\">\n\t\t\t\t<div class=\"elementor-widget-container\">\n\t\t\t\t\t<h4 class=\"elementor-heading-title elementor-size-default\">OUR SERVICES<\/h4>\t\t\t\t<\/div>\n\t\t\t\t<\/div>\n\t\t\t\t<div class=\"elementor-element elementor-element-5477913 elementor-widget-divider--view-line elementor-widget elementor-widget-divider\" data-id=\"5477913\" data-element_type=\"widget\" data-widget_type=\"divider.default\">\n\t\t\t\t<div class=\"elementor-widget-container\">\n\t\t\t\t\t\t\t<div class=\"elementor-divider\">\n\t\t\t<span class=\"elementor-divider-separator\">\n\t\t\t\t\t\t<\/span>\n\t\t<\/div>\n\t\t\t\t\t\t<\/div>\n\t\t\t\t<\/div>\n\t\t\t\t<div class=\"elementor-element elementor-element-df85463 elementor-widget elementor-widget-text-editor\" data-id=\"df85463\" data-element_type=\"widget\" data-widget_type=\"text-editor.default\">\n\t\t\t\t<div class=\"elementor-widget-container\">\n\t\t\t\t\t\t\t\t\t<div id=\"bgLayers_comp-lropevi9\" class=\"MW5IWV\" data-hook=\"bgLayers\" data-motion-part=\"BG_LAYER\"><p id=\"bgMedia_comp-lropevi9\" class=\"VgO9Yg\" data-motion-part=\"BG_MEDIA\"><span style=\"color: #ffffff;\">Welcome to Maxima, your trusted partner for your audiovisual projects.<\/span><\/p><\/div>\t\t\t\t\t\t\t\t<\/div>\n\t\t\t\t<\/div>\n\t\t\t\t<\/div>\n\t\t\t\t\t<\/div>\n\t\t\t\t<\/div>\n\t\t<div class=\"elementor-element elementor-element-be98bd3 e-flex e-con-boxed e-con e-parent\" data-id=\"be98bd3\" data-element_type=\"container\" data-settings=\"{&quot;background_background&quot;:&quot;classic&quot;}\">\n\t\t\t\t\t<div class=\"e-con-inner\">\n\t\t<div class=\"elementor-element elementor-element-c0a313a e-con-full e-flex e-con e-child\" data-id=\"c0a313a\" data-element_type=\"container\">\n\t\t\t\t<div class=\"elementor-element elementor-element-325a41d elementor-widget__width-initial elementor-widget elementor-widget-text-editor\" data-id=\"325a41d\" data-element_type=\"widget\" data-widget_type=\"text-editor.default\">\n\t\t\t\t<div class=\"elementor-widget-container\">\n\t\t\t\t\t\t\t\t\t<p style=\"text-align: justify;\">With our extensive equipment range, strong technical expertise, and a broad network of technicians, we provide tailored support for all your production needs. From planning and filming to post-production, we are committed to turning your vision into reality. At MaximaLoc, we understand the importance of every detail in audiovisual production, offering complete solutions for every aspect of the production process. Whether you need top-tier equipment for a film shoot or technical assistance for a live event, our team is ready to meet your highest standards.<\/p>\t\t\t\t\t\t\t\t<\/div>\n\t\t\t\t<\/div>\n\t\t\t\t<\/div>\n\t\t<div class=\"elementor-element elementor-element-875a33d e-con-full e-grid e-con e-child\" data-id=\"875a33d\" data-element_type=\"container\">\n\t\t<a class=\"elementor-element elementor-element-846e40c e-con-full e-flex e-con e-child\" data-id=\"846e40c\" data-element_type=\"container\" data-settings=\"{&quot;background_background&quot;:&quot;classic&quot;}\" href=\"\/en\/tournage\/\">\n\t\t\t\t<div class=\"elementor-element elementor-element-d918c9b elementor-widget elementor-widget-image\" data-id=\"d918c9b\" data-element_type=\"widget\" data-widget_type=\"image.default\">\n\t\t\t\t<div class=\"elementor-widget-container\">\n\t\t\t\t\t\t\t\t\t\t\t\t\t\t\t<img fetchpriority=\"high\" decoding=\"async\" width=\"359\" height=\"449\" src=\"https:\/\/maxima-studios.com\/wp-content\/uploads\/2024\/06\/tournage.webp\" class=\"attachment-full size-full wp-image-11372\" alt=\"Cam\u00e9raman filmant un artiste avec un \u00e9quipement vid\u00e9o dans une ambiance de concert\" srcset=\"https:\/\/maxima-studios.com\/wp-content\/uploads\/2024\/06\/tournage.webp 359w, https:\/\/maxima-studios.com\/wp-content\/uploads\/2024\/06\/tournage-240x300.webp 240w, https:\/\/maxima-studios.com\/wp-content\/uploads\/2024\/06\/tournage-120x150.webp 120w\" sizes=\"(max-width: 359px) 100vw, 359px\" \/>\t\t\t\t\t\t\t\t\t\t\t\t\t\t\t<\/div>\n\t\t\t\t<\/div>\n\t\t\t\t<div class=\"elementor-element elementor-element-ca61272 elementor-widget elementor-widget-heading\" data-id=\"ca61272\" data-element_type=\"widget\" data-widget_type=\"heading.default\">\n\t\t\t\t<div class=\"elementor-widget-container\">\n\t\t\t\t\t<h6 class=\"elementor-heading-title elementor-size-default\">FILMING<\/h6>\t\t\t\t<\/div>\n\t\t\t\t<\/div>\n\t\t\t\t<\/a>\n\t\t<a class=\"elementor-element elementor-element-8beabd3 e-con-full e-flex e-con e-child\" data-id=\"8beabd3\" data-element_type=\"container\" data-settings=\"{&quot;background_background&quot;:&quot;classic&quot;}\" href=\"\/en\/shooting\/\">\n\t\t\t\t<div class=\"elementor-element elementor-element-92b689a elementor-widget elementor-widget-image\" data-id=\"92b689a\" data-element_type=\"widget\" data-widget_type=\"image.default\">\n\t\t\t\t<div class=\"elementor-widget-container\">\n\t\t\t\t\t\t\t\t\t\t\t\t\t\t\t<img decoding=\"async\" width=\"567\" height=\"698\" src=\"https:\/\/maxima-studios.com\/wp-content\/uploads\/2024\/06\/shooting.webp\" class=\"attachment-full size-full wp-image-11373\" alt=\"S\u00e9ance photo de mode en studio avec mannequins\" srcset=\"https:\/\/maxima-studios.com\/wp-content\/uploads\/2024\/06\/shooting.webp 567w, https:\/\/maxima-studios.com\/wp-content\/uploads\/2024\/06\/shooting-244x300.webp 244w, https:\/\/maxima-studios.com\/wp-content\/uploads\/2024\/06\/shooting-487x600.webp 487w, https:\/\/maxima-studios.com\/wp-content\/uploads\/2024\/06\/shooting-122x150.webp 122w\" sizes=\"(max-width: 567px) 100vw, 567px\" \/>\t\t\t\t\t\t\t\t\t\t\t\t\t\t\t<\/div>\n\t\t\t\t<\/div>\n\t\t\t\t<div class=\"elementor-element elementor-element-8dd5472 elementor-widget elementor-widget-heading\" data-id=\"8dd5472\" data-element_type=\"widget\" data-widget_type=\"heading.default\">\n\t\t\t\t<div class=\"elementor-widget-container\">\n\t\t\t\t\t<h6 class=\"elementor-heading-title elementor-size-default\">SHOOTING<\/h6>\t\t\t\t<\/div>\n\t\t\t\t<\/div>\n\t\t\t\t<\/a>\n\t\t<a class=\"elementor-element elementor-element-69f162e e-con-full e-flex e-con e-child\" data-id=\"69f162e\" data-element_type=\"container\" data-settings=\"{&quot;background_background&quot;:&quot;classic&quot;}\" href=\"\/en\/live\/\">\n\t\t\t\t<div class=\"elementor-element elementor-element-c2d5144 elementor-widget elementor-widget-image\" data-id=\"c2d5144\" data-element_type=\"widget\" data-widget_type=\"image.default\">\n\t\t\t\t<div class=\"elementor-widget-container\">\n\t\t\t\t\t\t\t\t\t\t\t\t\t\t\t<img decoding=\"async\" width=\"310\" height=\"382\" src=\"https:\/\/maxima-studios.com\/wp-content\/uploads\/2024\/06\/live.webp\" class=\"attachment-full size-full wp-image-11374\" alt=\"Cameraman filmant un combat de MMA dans une cage\" srcset=\"https:\/\/maxima-studios.com\/wp-content\/uploads\/2024\/06\/live.webp 310w, https:\/\/maxima-studios.com\/wp-content\/uploads\/2024\/06\/live-243x300.webp 243w, https:\/\/maxima-studios.com\/wp-content\/uploads\/2024\/06\/live-122x150.webp 122w\" sizes=\"(max-width: 310px) 100vw, 310px\" \/>\t\t\t\t\t\t\t\t\t\t\t\t\t\t\t<\/div>\n\t\t\t\t<\/div>\n\t\t\t\t<div class=\"elementor-element elementor-element-1a06616 elementor-widget elementor-widget-heading\" data-id=\"1a06616\" data-element_type=\"widget\" data-widget_type=\"heading.default\">\n\t\t\t\t<div class=\"elementor-widget-container\">\n\t\t\t\t\t<h6 class=\"elementor-heading-title elementor-size-default\">LIVE \n&amp; \nCAPTATION<\/h6>\t\t\t\t<\/div>\n\t\t\t\t<\/div>\n\t\t\t\t<\/a>\n\t\t<a class=\"elementor-element elementor-element-8b1704a e-con-full e-flex e-con e-child\" data-id=\"8b1704a\" data-element_type=\"container\" data-settings=\"{&quot;background_background&quot;:&quot;classic&quot;}\" href=\"\/en\/drone\/\">\n\t\t\t\t<div class=\"elementor-element elementor-element-5cdd099 elementor-widget elementor-widget-image\" data-id=\"5cdd099\" data-element_type=\"widget\" data-widget_type=\"image.default\">\n\t\t\t\t<div class=\"elementor-widget-container\">\n\t\t\t\t\t\t\t\t\t\t\t\t\t\t\t<img loading=\"lazy\" decoding=\"async\" width=\"567\" height=\"698\" src=\"https:\/\/maxima-studios.com\/wp-content\/uploads\/2024\/06\/drone-1.webp\" class=\"attachment-full size-full wp-image-11375\" alt=\"Drone volant au-dessus d&#039;un paysage d\u00e9sertique avec une route sinueuse\" srcset=\"https:\/\/maxima-studios.com\/wp-content\/uploads\/2024\/06\/drone-1.webp 567w, https:\/\/maxima-studios.com\/wp-content\/uploads\/2024\/06\/drone-1-244x300.webp 244w, https:\/\/maxima-studios.com\/wp-content\/uploads\/2024\/06\/drone-1-487x600.webp 487w, https:\/\/maxima-studios.com\/wp-content\/uploads\/2024\/06\/drone-1-122x150.webp 122w\" sizes=\"(max-width: 567px) 100vw, 567px\" \/>\t\t\t\t\t\t\t\t\t\t\t\t\t\t\t<\/div>\n\t\t\t\t<\/div>\n\t\t\t\t<div class=\"elementor-element elementor-element-62614d6 elementor-widget elementor-widget-heading\" data-id=\"62614d6\" data-element_type=\"widget\" data-widget_type=\"heading.default\">\n\t\t\t\t<div class=\"elementor-widget-container\">\n\t\t\t\t\t<h6 class=\"elementor-heading-title elementor-size-default\">DRONE<\/h6>\t\t\t\t<\/div>\n\t\t\t\t<\/div>\n\t\t\t\t<\/a>\n\t\t<a class=\"elementor-element elementor-element-54e4d0d e-con-full e-flex e-con e-child\" data-id=\"54e4d0d\" data-element_type=\"container\" data-settings=\"{&quot;background_background&quot;:&quot;classic&quot;}\" href=\"\/en\/post-production\/\">\n\t\t\t\t<div class=\"elementor-element elementor-element-2fa4463 elementor-widget elementor-widget-image\" data-id=\"2fa4463\" data-element_type=\"widget\" data-widget_type=\"image.default\">\n\t\t\t\t<div class=\"elementor-widget-container\">\n\t\t\t\t\t\t\t\t\t\t\t\t\t\t\t<img loading=\"lazy\" decoding=\"async\" width=\"310\" height=\"382\" src=\"https:\/\/maxima-studios.com\/wp-content\/uploads\/2024\/06\/post_prod.webp\" class=\"attachment-full size-full wp-image-11376\" alt=\"Post-production vid\u00e9o avec plusieurs \u00e9crans affichant des images et des outils d&#039;\u00e9dition\" srcset=\"https:\/\/maxima-studios.com\/wp-content\/uploads\/2024\/06\/post_prod.webp 310w, https:\/\/maxima-studios.com\/wp-content\/uploads\/2024\/06\/post_prod-243x300.webp 243w, https:\/\/maxima-studios.com\/wp-content\/uploads\/2024\/06\/post_prod-122x150.webp 122w\" sizes=\"(max-width: 310px) 100vw, 310px\" \/>\t\t\t\t\t\t\t\t\t\t\t\t\t\t\t<\/div>\n\t\t\t\t<\/div>\n\t\t\t\t<div class=\"elementor-element elementor-element-cb4dbb6 elementor-widget elementor-widget-heading\" data-id=\"cb4dbb6\" data-element_type=\"widget\" data-widget_type=\"heading.default\">\n\t\t\t\t<div class=\"elementor-widget-container\">\n\t\t\t\t\t<h6 class=\"elementor-heading-title elementor-size-default\">POST-PRODUCTION<\/h6>\t\t\t\t<\/div>\n\t\t\t\t<\/div>\n\t\t\t\t<\/a>\n\t\t<a class=\"elementor-element elementor-element-2ae36d9 e-con-full e-flex e-con e-child\" data-id=\"2ae36d9\" data-element_type=\"container\" data-settings=\"{&quot;background_background&quot;:&quot;classic&quot;}\" href=\"\/en\/evenementiel\/\">\n\t\t\t\t<div class=\"elementor-element elementor-element-469e714 elementor-widget elementor-widget-image\" data-id=\"469e714\" data-element_type=\"widget\" data-widget_type=\"image.default\">\n\t\t\t\t<div class=\"elementor-widget-container\">\n\t\t\t\t\t\t\t\t\t\t\t\t\t\t\t<img loading=\"lazy\" decoding=\"async\" width=\"1800\" height=\"1202\" src=\"https:\/\/maxima-studios.com\/wp-content\/uploads\/2024\/06\/evenementiel.webp\" class=\"attachment-full size-full wp-image-11377\" alt=\"Salle de concert avec \u00e9clairage bleu et violet, pr\u00eate pour un \u00e9v\u00e9nement\" srcset=\"https:\/\/maxima-studios.com\/wp-content\/uploads\/2024\/06\/evenementiel.webp 1800w, https:\/\/maxima-studios.com\/wp-content\/uploads\/2024\/06\/evenementiel-300x200.webp 300w, https:\/\/maxima-studios.com\/wp-content\/uploads\/2024\/06\/evenementiel-600x401.webp 600w, https:\/\/maxima-studios.com\/wp-content\/uploads\/2024\/06\/evenementiel-150x100.webp 150w, https:\/\/maxima-studios.com\/wp-content\/uploads\/2024\/06\/evenementiel-768x513.webp 768w, https:\/\/maxima-studios.com\/wp-content\/uploads\/2024\/06\/evenementiel-1024x684.webp 1024w, https:\/\/maxima-studios.com\/wp-content\/uploads\/2024\/06\/evenementiel-1536x1026.webp 1536w\" sizes=\"(max-width: 1800px) 100vw, 1800px\" \/>\t\t\t\t\t\t\t\t\t\t\t\t\t\t\t<\/div>\n\t\t\t\t<\/div>\n\t\t\t\t<div class=\"elementor-element elementor-element-5d07ee6 elementor-widget elementor-widget-heading\" data-id=\"5d07ee6\" data-element_type=\"widget\" data-widget_type=\"heading.default\">\n\t\t\t\t<div class=\"elementor-widget-container\">\n\t\t\t\t\t<h6 class=\"elementor-heading-title elementor-size-default\">EVENTS<\/h6>\t\t\t\t<\/div>\n\t\t\t\t<\/div>\n\t\t\t\t<\/a>\n\t\t\t\t<\/div>\n\t\t\t\t\t<\/div>\n\t\t\t\t<\/div>\n\t\t\t\t<\/div>","protected":false},"excerpt":{"rendered":"<p>NOS SERVICES Bienvenue chez Maxima, votre partenaire de confiance pour la r\u00e9alisation de vos projets audiovisuels. Notre vaste parc mat\u00e9riel,&#8230;<\/p>","protected":false},"author":1,"featured_media":0,"parent":0,"menu_order":0,"comment_status":"closed","ping_status":"closed","template":"elementor_header_footer","meta":{"footnotes":""},"class_list":["post-38","page","type-page","status-publish","hentry"],"yoast_head":"<!-- This site is optimized with the Yoast SEO plugin v27.3 - https:\/\/yoast.com\/product\/yoast-seo-wordpress\/ -->\n<title>SERVICES - Maximaloc<\/title>\n<meta name=\"description\" content=\"Maximaloc offre assistance technique et Services audiovisuels complets, incluant une \u00e9quipe de professionnels et une salle de post-production.\" \/>\n<meta name=\"robots\" content=\"index, follow, max-snippet:-1, max-image-preview:large, max-video-preview:-1\" \/>\n<link rel=\"canonical\" href=\"https:\/\/maxima-studios.com\/en\/services\/\" \/>\n<meta property=\"og:locale\" content=\"en_US\" \/>\n<meta property=\"og:type\" content=\"article\" \/>\n<meta property=\"og:title\" content=\"SERVICES - Maximaloc\" \/>\n<meta property=\"og:description\" content=\"Maximaloc offre assistance technique et Services audiovisuels complets, incluant une \u00e9quipe de professionnels et une salle de post-production.\" \/>\n<meta property=\"og:url\" content=\"https:\/\/maxima-studios.com\/en\/services\/\" \/>\n<meta property=\"og:site_name\" content=\"Maximaloc\" \/>\n<meta property=\"article:publisher\" content=\"https:\/\/www.facebook.com\/Maximalocation\" \/>\n<meta property=\"article:modified_time\" content=\"2025-07-02T09:07:40+00:00\" \/>\n<meta property=\"og:image\" content=\"https:\/\/maxima-studios.com\/wp-content\/uploads\/2024\/06\/tournage.webp\" \/>\n\t<meta property=\"og:image:width\" content=\"359\" \/>\n\t<meta property=\"og:image:height\" content=\"449\" \/>\n\t<meta property=\"og:image:type\" content=\"image\/webp\" \/>\n<meta name=\"twitter:card\" content=\"summary_large_image\" \/>\n<meta name=\"twitter:label1\" content=\"Est. reading time\" \/>\n\t<meta name=\"twitter:data1\" content=\"2 minutes\" \/>\n<script type=\"application\/ld+json\" class=\"yoast-schema-graph\">{\"@context\":\"https:\\\/\\\/schema.org\",\"@graph\":[{\"@type\":\"WebPage\",\"@id\":\"https:\\\/\\\/maxima-studios.com\\\/services\\\/\",\"url\":\"https:\\\/\\\/maxima-studios.com\\\/services\\\/\",\"name\":\"SERVICES - Maximaloc\",\"isPartOf\":{\"@id\":\"https:\\\/\\\/maxima-studios.com\\\/#website\"},\"primaryImageOfPage\":{\"@id\":\"https:\\\/\\\/maxima-studios.com\\\/services\\\/#primaryimage\"},\"image\":{\"@id\":\"https:\\\/\\\/maxima-studios.com\\\/services\\\/#primaryimage\"},\"thumbnailUrl\":\"https:\\\/\\\/maxima-studios.com\\\/wp-content\\\/uploads\\\/2024\\\/06\\\/tournage.webp\",\"datePublished\":\"2024-03-11T11:23:57+00:00\",\"dateModified\":\"2025-07-02T09:07:40+00:00\",\"description\":\"Maximaloc offre assistance technique et Services audiovisuels complets, incluant une \u00e9quipe de professionnels et une salle de post-production.\",\"breadcrumb\":{\"@id\":\"https:\\\/\\\/maxima-studios.com\\\/services\\\/#breadcrumb\"},\"inLanguage\":\"en-US\",\"potentialAction\":[{\"@type\":\"ReadAction\",\"target\":[\"https:\\\/\\\/maxima-studios.com\\\/services\\\/\"]}]},{\"@type\":\"ImageObject\",\"inLanguage\":\"en-US\",\"@id\":\"https:\\\/\\\/maxima-studios.com\\\/services\\\/#primaryimage\",\"url\":\"https:\\\/\\\/maxima-studios.com\\\/wp-content\\\/uploads\\\/2024\\\/06\\\/tournage.webp\",\"contentUrl\":\"https:\\\/\\\/maxima-studios.com\\\/wp-content\\\/uploads\\\/2024\\\/06\\\/tournage.webp\"},{\"@type\":\"BreadcrumbList\",\"@id\":\"https:\\\/\\\/maxima-studios.com\\\/services\\\/#breadcrumb\",\"itemListElement\":[{\"@type\":\"ListItem\",\"position\":1,\"name\":\"Accueil\",\"item\":\"https:\\\/\\\/maxima-studios.com\\\/\"},{\"@type\":\"ListItem\",\"position\":2,\"name\":\"Services\"}]},{\"@type\":\"WebSite\",\"@id\":\"https:\\\/\\\/maxima-studios.com\\\/#website\",\"url\":\"https:\\\/\\\/maxima-studios.com\\\/\",\"name\":\"Maximaloc\",\"description\":\"\",\"publisher\":{\"@id\":\"https:\\\/\\\/maxima-studios.com\\\/#organization\"},\"potentialAction\":[{\"@type\":\"SearchAction\",\"target\":{\"@type\":\"EntryPoint\",\"urlTemplate\":\"https:\\\/\\\/maxima-studios.com\\\/?s={search_term_string}\"},\"query-input\":{\"@type\":\"PropertyValueSpecification\",\"valueRequired\":true,\"valueName\":\"search_term_string\"}}],\"inLanguage\":\"en-US\"},{\"@type\":\"Organization\",\"@id\":\"https:\\\/\\\/maxima-studios.com\\\/#organization\",\"name\":\"Maximaloc\",\"url\":\"https:\\\/\\\/maxima-studios.com\\\/\",\"logo\":{\"@type\":\"ImageObject\",\"inLanguage\":\"en-US\",\"@id\":\"https:\\\/\\\/maxima-studios.com\\\/#\\\/schema\\\/logo\\\/image\\\/\",\"url\":\"https:\\\/\\\/maxima-studios.com\\\/wp-content\\\/uploads\\\/2024\\\/03\\\/logo_noir-scaled.png\",\"contentUrl\":\"https:\\\/\\\/maxima-studios.com\\\/wp-content\\\/uploads\\\/2024\\\/03\\\/logo_noir-scaled.png\",\"width\":2560,\"height\":268,\"caption\":\"Maximaloc\"},\"image\":{\"@id\":\"https:\\\/\\\/maxima-studios.com\\\/#\\\/schema\\\/logo\\\/image\\\/\"},\"sameAs\":[\"https:\\\/\\\/www.facebook.com\\\/Maximalocation\"]}]}<\/script>\n<!-- \/ Yoast SEO plugin. -->","yoast_head_json":{"title":"SERVICES - Maximaloc","description":"Maximaloc offre assistance technique et Services audiovisuels complets, incluant une \u00e9quipe de professionnels et une salle de post-production.","robots":{"index":"index","follow":"follow","max-snippet":"max-snippet:-1","max-image-preview":"max-image-preview:large","max-video-preview":"max-video-preview:-1"},"canonical":"https:\/\/maxima-studios.com\/en\/services\/","og_locale":"en_US","og_type":"article","og_title":"SERVICES - Maximaloc","og_description":"Maximaloc offre assistance technique et Services audiovisuels complets, incluant une \u00e9quipe de professionnels et une salle de post-production.","og_url":"https:\/\/maxima-studios.com\/en\/services\/","og_site_name":"Maximaloc","article_publisher":"https:\/\/www.facebook.com\/Maximalocation","article_modified_time":"2025-07-02T09:07:40+00:00","og_image":[{"width":359,"height":449,"url":"https:\/\/maxima-studios.com\/wp-content\/uploads\/2024\/06\/tournage.webp","type":"image\/webp"}],"twitter_card":"summary_large_image","twitter_misc":{"Est. reading time":"2 minutes"},"schema":{"@context":"https:\/\/schema.org","@graph":[{"@type":"WebPage","@id":"https:\/\/maxima-studios.com\/services\/","url":"https:\/\/maxima-studios.com\/services\/","name":"SERVICES - Maximaloc","isPartOf":{"@id":"https:\/\/maxima-studios.com\/#website"},"primaryImageOfPage":{"@id":"https:\/\/maxima-studios.com\/services\/#primaryimage"},"image":{"@id":"https:\/\/maxima-studios.com\/services\/#primaryimage"},"thumbnailUrl":"https:\/\/maxima-studios.com\/wp-content\/uploads\/2024\/06\/tournage.webp","datePublished":"2024-03-11T11:23:57+00:00","dateModified":"2025-07-02T09:07:40+00:00","description":"Maximaloc offre assistance technique et Services audiovisuels complets, incluant une \u00e9quipe de professionnels et une salle de post-production.","breadcrumb":{"@id":"https:\/\/maxima-studios.com\/services\/#breadcrumb"},"inLanguage":"en-US","potentialAction":[{"@type":"ReadAction","target":["https:\/\/maxima-studios.com\/services\/"]}]},{"@type":"ImageObject","inLanguage":"en-US","@id":"https:\/\/maxima-studios.com\/services\/#primaryimage","url":"https:\/\/maxima-studios.com\/wp-content\/uploads\/2024\/06\/tournage.webp","contentUrl":"https:\/\/maxima-studios.com\/wp-content\/uploads\/2024\/06\/tournage.webp"},{"@type":"BreadcrumbList","@id":"https:\/\/maxima-studios.com\/services\/#breadcrumb","itemListElement":[{"@type":"ListItem","position":1,"name":"Accueil","item":"https:\/\/maxima-studios.com\/"},{"@type":"ListItem","position":2,"name":"Services"}]},{"@type":"WebSite","@id":"https:\/\/maxima-studios.com\/#website","url":"https:\/\/maxima-studios.com\/","name":"Maximaloc","description":"","publisher":{"@id":"https:\/\/maxima-studios.com\/#organization"},"potentialAction":[{"@type":"SearchAction","target":{"@type":"EntryPoint","urlTemplate":"https:\/\/maxima-studios.com\/?s={search_term_string}"},"query-input":{"@type":"PropertyValueSpecification","valueRequired":true,"valueName":"search_term_string"}}],"inLanguage":"en-US"},{"@type":"Organization","@id":"https:\/\/maxima-studios.com\/#organization","name":"Maximaloc","url":"https:\/\/maxima-studios.com\/","logo":{"@type":"ImageObject","inLanguage":"en-US","@id":"https:\/\/maxima-studios.com\/#\/schema\/logo\/image\/","url":"https:\/\/maxima-studios.com\/wp-content\/uploads\/2024\/03\/logo_noir-scaled.png","contentUrl":"https:\/\/maxima-studios.com\/wp-content\/uploads\/2024\/03\/logo_noir-scaled.png","width":2560,"height":268,"caption":"Maximaloc"},"image":{"@id":"https:\/\/maxima-studios.com\/#\/schema\/logo\/image\/"},"sameAs":["https:\/\/www.facebook.com\/Maximalocation"]}]}},"_links":{"self":[{"href":"https:\/\/maxima-studios.com\/en\/wp-json\/wp\/v2\/pages\/38","targetHints":{"allow":["GET"]}}],"collection":[{"href":"https:\/\/maxima-studios.com\/en\/wp-json\/wp\/v2\/pages"}],"about":[{"href":"https:\/\/maxima-studios.com\/en\/wp-json\/wp\/v2\/types\/page"}],"author":[{"embeddable":true,"href":"https:\/\/maxima-studios.com\/en\/wp-json\/wp\/v2\/users\/1"}],"replies":[{"embeddable":true,"href":"https:\/\/maxima-studios.com\/en\/wp-json\/wp\/v2\/comments?post=38"}],"version-history":[{"count":341,"href":"https:\/\/maxima-studios.com\/en\/wp-json\/wp\/v2\/pages\/38\/revisions"}],"predecessor-version":[{"id":20161,"href":"https:\/\/maxima-studios.com\/en\/wp-json\/wp\/v2\/pages\/38\/revisions\/20161"}],"wp:attachment":[{"href":"https:\/\/maxima-studios.com\/en\/wp-json\/wp\/v2\/media?parent=38"}],"curies":[{"name":"wp","href":"https:\/\/api.w.org\/{rel}","templated":true}]}}