 {"id":1842,"date":"2024-03-15T14:44:48","date_gmt":"2024-03-15T13:44:48","guid":{"rendered":"https:\/\/maxima-studios.com\/?page_id=1842"},"modified":"2024-11-25T15:52:40","modified_gmt":"2024-11-25T14:52:40","slug":"documents","status":"publish","type":"page","link":"https:\/\/maxima-studios.com\/en\/faq\/documents\/","title":{"rendered":"DOCUMENTS"},"content":{"rendered":"<div data-elementor-type=\"wp-page\" data-elementor-id=\"1842\" class=\"elementor elementor-1842\" data-elementor-post-type=\"page\">\n\t\t\t\t<div class=\"elementor-element elementor-element-53e6417 e-flex e-con-boxed e-con e-parent\" data-id=\"53e6417\" data-element_type=\"container\" data-settings=\"{&quot;background_background&quot;:&quot;classic&quot;}\">\n\t\t\t\t\t<div class=\"e-con-inner\">\n\t\t<div class=\"elementor-element elementor-element-6322eb2 e-flex e-con-boxed e-con e-child\" data-id=\"6322eb2\" data-element_type=\"container\">\n\t\t\t\t\t<div class=\"e-con-inner\">\n\t\t\t\t<div class=\"elementor-element elementor-element-6dfde6b elementor-widget elementor-widget-heading\" data-id=\"6dfde6b\" data-element_type=\"widget\" data-widget_type=\"heading.default\">\n\t\t\t\t<div class=\"elementor-widget-container\">\n\t\t\t\t\t<h2 class=\"elementor-heading-title elementor-size-default\">DOCUMENTS TO PROVIDE<\/h2>\t\t\t\t<\/div>\n\t\t\t\t<\/div>\n\t\t\t\t\t<\/div>\n\t\t\t\t<\/div>\n\t\t<div class=\"elementor-element elementor-element-9c9a952 e-flex e-con-boxed e-con e-child\" data-id=\"9c9a952\" data-element_type=\"container\" data-settings=\"{&quot;background_background&quot;:&quot;classic&quot;}\">\n\t\t\t\t\t<div class=\"e-con-inner\">\n\t\t\t\t<div class=\"elementor-element elementor-element-c672106 elementor-widget elementor-widget-text-editor\" data-id=\"c672106\" data-element_type=\"widget\" data-widget_type=\"text-editor.default\">\n\t\t\t\t<div class=\"elementor-widget-container\">\n\t\t\t\t\t\t\t\t\t<h6 style=\"text-align: justify;\">DOSSIER CLIENT \u00c0 FOURNIR<\/h6><p style=\"text-align: justify;\">Afin de cr\u00e9er un dossier client et de confirmer votre r\u00e9servation, nous vous prions de nous faire parvenir en amont de la location et <span style=\"color: #ff0000;\">par email<\/span> les documents suivants, au <span style=\"color: #ff0000;\">format original<\/span>. Ces documents devront \u00eatre <span style=\"text-decoration: underline;\">au nom de la personne physique ou morale<\/span> qui proc\u00e9dera au d\u00e9p\u00f4t de la caution.<\/p>\t\t\t\t\t\t\t\t<\/div>\n\t\t\t\t<\/div>\n\t\t\t\t<div class=\"elementor-element elementor-element-e75d2d7 elementor-absolute elementor-view-default elementor-widget elementor-widget-icon\" data-id=\"e75d2d7\" data-element_type=\"widget\" data-settings=\"{&quot;_position&quot;:&quot;absolute&quot;}\" data-widget_type=\"icon.default\">\n\t\t\t\t<div class=\"elementor-widget-container\">\n\t\t\t\t\t\t\t<div class=\"elementor-icon-wrapper\">\n\t\t\t<a class=\"elementor-icon\" href=\"\/en\/faq\/\">\n\t\t\t<svg aria-hidden=\"true\" class=\"e-font-icon-svg e-far-arrow-alt-circle-left\" viewbox=\"0 0 512 512\" xmlns=\"http:\/\/www.w3.org\/2000\/svg\"><path d=\"M8 256c0 137 111 248 248 248s248-111 248-248S393 8 256 8 8 119 8 256zm448 0c0 110.5-89.5 200-200 200S56 366.5 56 256 145.5 56 256 56s200 89.5 200 200zm-72-20v40c0 6.6-5.4 12-12 12H256v67c0 10.7-12.9 16-20.5 8.5l-99-99c-4.7-4.7-4.7-12.3 0-17l99-99c7.6-7.6 20.5-2.2 20.5 8.5v67h116c6.6 0 12 5.4 12 12z\"><\/path><\/svg>\t\t\t<\/a>\n\t\t<\/div>\n\t\t\t\t\t\t<\/div>\n\t\t\t\t<\/div>\n\t\t<div class=\"elementor-element elementor-element-7d5392e e-con-full e-flex e-con e-child\" data-id=\"7d5392e\" data-element_type=\"container\">\n\t\t\t\t<div class=\"elementor-element elementor-element-7d1424a elementor-widget elementor-widget-text-editor\" data-id=\"7d1424a\" data-element_type=\"widget\" data-widget_type=\"text-editor.default\">\n\t\t\t\t<div class=\"elementor-widget-container\">\n\t\t\t\t\t\t\t\t\t<h6 style=\"text-align: justify;\"><span style=\"color: #ff0000;\">PARTICULIER<\/span><\/h6><p style=\"text-align: justify;\">1. Nom &amp; Pr\u00e9nom<\/p><p style=\"text-align: justify;\">2. Num\u00e9ro de t\u00e9l\u00e9phone<\/p><p style=\"text-align: justify;\">3. 2 pi\u00e8ces d\u2019identit\u00e9 couleur<\/p><p style=\"text-align: justify;\">4. Lien Facebook\/Insta<\/p><p style=\"text-align: justify;\">\u00a0<\/p><p style=\"text-align: justify;\"><span style=\"color: #ff0000;\">Vous avez une adresse<\/span><\/p><p style=\"text-align: justify;\">Facture portable ou EDF<\/p><p style=\"text-align: justify;\">\u00a0<\/p><p style=\"text-align: justify;\"><span style=\"color: #ff0000;\">Vous \u00eates h\u00e9berg\u00e9<\/span><\/p><p style=\"text-align: justify;\">7. Attestation d\u2019h\u00e9bergement<\/p><p style=\"text-align: justify;\">8. Pi\u00e8ce d\u2019identit\u00e9 couleur (de votre h\u00e9bergeur<\/p>\t\t\t\t\t\t\t\t<\/div>\n\t\t\t\t<\/div>\n\t\t\t\t<\/div>\n\t\t<div class=\"elementor-element elementor-element-d99567a e-con-full e-flex e-con e-child\" data-id=\"d99567a\" data-element_type=\"container\">\n\t\t\t\t<div class=\"elementor-element elementor-element-6d1d9b8 elementor-widget elementor-widget-text-editor\" data-id=\"6d1d9b8\" data-element_type=\"widget\" data-widget_type=\"text-editor.default\">\n\t\t\t\t<div class=\"elementor-widget-container\">\n\t\t\t\t\t\t\t\t\t<h6 style=\"text-align: justify;\"><span style=\"color: #ff0000;\">SOCI\u00c9T\u00c9 <\/span><\/h6><p style=\"text-align: justify;\">1. Nom de la soci\u00e9t\u00e9<\/p><p style=\"text-align: justify;\">2. Num\u00e9ro de t\u00e9l\u00e9phone<\/p><p style=\"text-align: justify;\">3. Extrait de K-bis<\/p><p style=\"text-align: justify;\">4. Site ou lien Facebook<\/p><p style=\"text-align: justify;\">5. Pi\u00e8ce d\u2019identit\u00e9 couleur du g\u00e9rant<\/p><p style=\"text-align: justify;\">6. Pi\u00e8ce d\u2019identit\u00e9 du charg\u00e9 de retrait<\/p><h6 style=\"text-align: justify;\"><span style=\"color: #ff0000;\"> AUTO-ENTREPRENEUR<\/span><\/h6><p style=\"text-align: justify;\">1. Nom &amp; pr\u00e9nom<\/p><p style=\"text-align: justify;\">2. Num\u00e9ro de t\u00e9l\u00e9phone<\/p><p style=\"text-align: justify;\">3. D\u00e9claration INSEE<\/p><p style=\"text-align: justify;\">4. Pi\u00e8ce d\u2019identit\u00e9 couleur<\/p>\t\t\t\t\t\t\t\t<\/div>\n\t\t\t\t<\/div>\n\t\t\t\t<\/div>\n\t\t<div class=\"elementor-element elementor-element-c60095b e-con-full e-flex e-con e-child\" data-id=\"c60095b\" data-element_type=\"container\">\n\t\t\t\t<div class=\"elementor-element elementor-element-b4e3700 elementor-widget elementor-widget-text-editor\" data-id=\"b4e3700\" data-element_type=\"widget\" data-widget_type=\"text-editor.default\">\n\t\t\t\t<div class=\"elementor-widget-container\">\n\t\t\t\t\t\t\t\t\t<h6 style=\"text-align: justify;\"><span style=\"color: #ff0000;\">ASSOCIATION<\/span><\/h6><p style=\"text-align: justify;\">1. Nom de l\u2019association<\/p><p style=\"text-align: justify;\">2. Num\u00e9ro de t\u00e9l\u00e9phone<\/p><p style=\"text-align: justify;\">3. Statuts<\/p><p style=\"text-align: justify;\">4. Parution au journal officiel<\/p><p style=\"text-align: justify;\">5. Site ou lien r\u00e9seaux sociaux<\/p><p style=\"text-align: justify;\">6. Pi\u00e8ce d\u2019identit\u00e9 couleur du pr\u00e9sident<\/p><p style=\"text-align: justify;\">7. Pi\u00e8ce d\u2019identit\u00e9 couleur du charg\u00e9 de retrait<\/p>\t\t\t\t\t\t\t\t<\/div>\n\t\t\t\t<\/div>\n\t\t\t\t<\/div>\n\t\t\t\t\t<\/div>\n\t\t\t\t<\/div>\n\t\t\t\t\t<\/div>\n\t\t\t\t<\/div>\n\t\t\t\t<\/div>","protected":false},"excerpt":{"rendered":"<p>DOCUMENTS \u00c0 FOURNIR DOSSIER CLIENT \u00c0 FOURNIR Afin de cr\u00e9er un dossier client et de confirmer votre r\u00e9servation, nous vous&#8230;<\/p>","protected":false},"author":1,"featured_media":0,"parent":44,"menu_order":0,"comment_status":"closed","ping_status":"closed","template":"elementor_header_footer","meta":{"footnotes":""},"class_list":["post-1842","page","type-page","status-publish","hentry"],"_links":{"self":[{"href":"https:\/\/maxima-studios.com\/en\/wp-json\/wp\/v2\/pages\/1842","targetHints":{"allow":["GET"]}}],"collection":[{"href":"https:\/\/maxima-studios.com\/en\/wp-json\/wp\/v2\/pages"}],"about":[{"href":"https:\/\/maxima-studios.com\/en\/wp-json\/wp\/v2\/types\/page"}],"author":[{"embeddable":true,"href":"https:\/\/maxima-studios.com\/en\/wp-json\/wp\/v2\/users\/1"}],"replies":[{"embeddable":true,"href":"https:\/\/maxima-studios.com\/en\/wp-json\/wp\/v2\/comments?post=1842"}],"version-history":[{"count":122,"href":"https:\/\/maxima-studios.com\/en\/wp-json\/wp\/v2\/pages\/1842\/revisions"}],"predecessor-version":[{"id":18168,"href":"https:\/\/maxima-studios.com\/en\/wp-json\/wp\/v2\/pages\/1842\/revisions\/18168"}],"up":[{"embeddable":true,"href":"https:\/\/maxima-studios.com\/en\/wp-json\/wp\/v2\/pages\/44"}],"wp:attachment":[{"href":"https:\/\/maxima-studios.com\/en\/wp-json\/wp\/v2\/media?parent=1842"}],"curies":[{"name":"wp","href":"https:\/\/api.w.org\/{rel}","templated":true}]}}