 {"id":1839,"date":"2024-03-15T14:44:16","date_gmt":"2024-03-15T13:44:16","guid":{"rendered":"https:\/\/maxima-studios.com\/?page_id=1839"},"modified":"2024-08-20T23:12:39","modified_gmt":"2024-08-20T21:12:39","slug":"entretien","status":"publish","type":"page","link":"https:\/\/maxima-studios.com\/en\/faq\/entretien\/","title":{"rendered":"USURE, CASSE ET VOL"},"content":{"rendered":"<div data-elementor-type=\"wp-page\" data-elementor-id=\"1839\" class=\"elementor elementor-1839\" data-elementor-post-type=\"page\">\n\t\t\t\t<div class=\"elementor-element elementor-element-c59b6cc e-flex e-con-boxed e-con e-parent\" data-id=\"c59b6cc\" data-element_type=\"container\" data-settings=\"{&quot;background_background&quot;:&quot;classic&quot;}\">\n\t\t\t\t\t<div class=\"e-con-inner\">\n\t\t<div class=\"elementor-element elementor-element-c496d9a e-flex e-con-boxed e-con e-child\" data-id=\"c496d9a\" data-element_type=\"container\">\n\t\t\t\t\t<div class=\"e-con-inner\">\n\t\t\t\t<div class=\"elementor-element elementor-element-17c6862 elementor-widget elementor-widget-heading\" data-id=\"17c6862\" data-element_type=\"widget\" data-widget_type=\"heading.default\">\n\t\t\t\t<div class=\"elementor-widget-container\">\n\t\t\t\t\t<h2 class=\"elementor-heading-title elementor-size-default\">WEAR, DAMAGE &amp; THEFT<\/h2>\t\t\t\t<\/div>\n\t\t\t\t<\/div>\n\t\t\t\t\t<\/div>\n\t\t\t\t<\/div>\n\t\t<div class=\"elementor-element elementor-element-d7d1f80 e-flex e-con-boxed e-con e-child\" data-id=\"d7d1f80\" data-element_type=\"container\" data-settings=\"{&quot;background_background&quot;:&quot;classic&quot;}\">\n\t\t\t\t\t<div class=\"e-con-inner\">\n\t\t\t\t<div class=\"elementor-element elementor-element-fda8da7 elementor-widget elementor-widget-text-editor\" data-id=\"fda8da7\" data-element_type=\"widget\" data-widget_type=\"text-editor.default\">\n\t\t\t\t<div class=\"elementor-widget-container\">\n\t\t\t\t\t\t\t\t\t<div id=\"comp-lnepxrk81\" class=\"c9GqVL QxJLC3 comp-lnepxrk81 wixui-rich-text\" data-testid=\"richTextElement\"><h6 class=\"font_0 wixui-rich-text__text\" style=\"text-align: justify;\"><span class=\"wixui-rich-text__text\">ENTRETIEN, USURE &amp; CASSE<\/span><\/h6><\/div><div id=\"comp-lnepxrka\" class=\"c9GqVL QxJLC3 comp-lnepxrka wixui-rich-text\" style=\"text-align: justify;\" data-testid=\"richTextElement\"><p class=\"font_8 wixui-rich-text__text\"><span class=\"wixui-rich-text__text\">Le mat\u00e9riel doit \u00eatre rendu dans l&#8217;\u00e9tat dans lequel il a \u00e9t\u00e9 r\u00e9cup\u00e9r\u00e9 par le client :\u00a0<\/span><span class=\"wixui-rich-text__text\">correctement rang\u00e9, propre et en bon \u00e9tat de marche. Si le mat\u00e9riel venait \u00e0 \u00eatre ramen\u00e9 sale, des frais de nettoyage<\/span><span class=\"wixui-rich-text__text\">s<\/span><span class=\"wixui-rich-text__text\">\u00a0pourront \u00eatre demand\u00e9s.<\/span><\/p><p class=\"font_8 wixui-rich-text__text\"><span class=\"wixui-rich-text__text\">Toute d\u00e9gradation esth\u00e9tique ou fonctionnelle, usure ou casse \u00e9ventuelle qui aura lieu durant la location du mat\u00e9riel entrainera de frais \u00e0 la charge du client. La souscription \u00e0 l&#8217;assurance casse \u00e9tant obligatoire, le montant maximum pouvant rester \u00e0 la charge du client correspond \u00e0 la franchise, qui<\/span><span class=\"wixui-rich-text__text\">\u00a0varie\u00a0<\/span><span class=\"wixui-rich-text__text\">en fonction de la valeur du mat\u00e9riel endommag\u00e9 :<\/span><\/p><p class=\"font_8 wixui-rich-text__text\">&#8211; 300\u20ac HT jusqu&#8217;\u00e0 2 000\u20ac de dommages<\/p><p class=\"font_8 wixui-rich-text__text\">&#8211; 600\u20ac HT jusqu&#8217;\u00e0 10 000\u20ac de dommages<\/p><p class=\"font_8 wixui-rich-text__text\">&#8211; 1 000\u20ac HT au-del\u00e0 de 10 000\u20ac de dommages<\/p><p>\u00a0<\/p><\/div><div id=\"comp-lneq5ct9\" class=\"c9GqVL QxJLC3 comp-lneq5ct9 wixui-rich-text\" style=\"text-align: justify;\" data-testid=\"richTextElement\"><h6 class=\"font_0 wixui-rich-text__text\"><span class=\"wixui-rich-text__text\">VOL<\/span><\/h6><\/div><div id=\"comp-lneq5cte\" class=\"c9GqVL QxJLC3 comp-lneq5cte wixui-rich-text\" data-testid=\"richTextElement\"><p class=\"font_8 wixui-rich-text__text\" style=\"text-align: justify;\"><span class=\"wixui-rich-text__text\">Notre assurance ne couvre pas le vol.\u00a0<\/span><span class=\"wixui-rich-text__text\">En cas de vol ou de perte de mat\u00e9riel, le client sera amen\u00e9 \u00e0 rembourser le mat\u00e9riel lou\u00e9. \u200b<\/span><\/p><\/div>\t\t\t\t\t\t\t\t<\/div>\n\t\t\t\t<\/div>\n\t\t\t\t<div class=\"elementor-element elementor-element-22dffa1 elementor-absolute elementor-view-default elementor-widget elementor-widget-icon\" data-id=\"22dffa1\" data-element_type=\"widget\" data-settings=\"{&quot;_position&quot;:&quot;absolute&quot;}\" data-widget_type=\"icon.default\">\n\t\t\t\t<div class=\"elementor-widget-container\">\n\t\t\t\t\t\t\t<div class=\"elementor-icon-wrapper\">\n\t\t\t<a class=\"elementor-icon\" href=\"\/en\/faq\/\">\n\t\t\t<svg aria-hidden=\"true\" class=\"e-font-icon-svg e-far-arrow-alt-circle-left\" viewbox=\"0 0 512 512\" xmlns=\"http:\/\/www.w3.org\/2000\/svg\"><path d=\"M8 256c0 137 111 248 248 248s248-111 248-248S393 8 256 8 8 119 8 256zm448 0c0 110.5-89.5 200-200 200S56 366.5 56 256 145.5 56 256 56s200 89.5 200 200zm-72-20v40c0 6.6-5.4 12-12 12H256v67c0 10.7-12.9 16-20.5 8.5l-99-99c-4.7-4.7-4.7-12.3 0-17l99-99c7.6-7.6 20.5-2.2 20.5 8.5v67h116c6.6 0 12 5.4 12 12z\"><\/path><\/svg>\t\t\t<\/a>\n\t\t<\/div>\n\t\t\t\t\t\t<\/div>\n\t\t\t\t<\/div>\n\t\t\t\t\t<\/div>\n\t\t\t\t<\/div>\n\t\t\t\t\t<\/div>\n\t\t\t\t<\/div>\n\t\t\t\t<\/div>","protected":false},"excerpt":{"rendered":"<p>USURE, CASSE &#038; VOL ENTRETIEN, USURE &amp; CASSE Le mat\u00e9riel doit \u00eatre rendu dans l&#8217;\u00e9tat dans lequel il a \u00e9t\u00e9&#8230;<\/p>","protected":false},"author":1,"featured_media":0,"parent":44,"menu_order":0,"comment_status":"closed","ping_status":"closed","template":"elementor_header_footer","meta":{"footnotes":""},"class_list":["post-1839","page","type-page","status-publish","hentry"],"yoast_head":"<!-- This site is optimized with the Yoast SEO plugin v27.3 - https:\/\/yoast.com\/product\/yoast-seo-wordpress\/ -->\n<title>USURE, CASSE ET VOL - Maximaloc<\/title>\n<meta name=\"robots\" content=\"index, follow, max-snippet:-1, max-image-preview:large, max-video-preview:-1\" \/>\n<link rel=\"canonical\" href=\"https:\/\/maxima-studios.com\/en\/faq\/entretien\/\" \/>\n<meta property=\"og:locale\" content=\"en_US\" \/>\n<meta property=\"og:type\" content=\"article\" \/>\n<meta property=\"og:title\" content=\"USURE, CASSE ET VOL - Maximaloc\" \/>\n<meta property=\"og:description\" content=\"USURE, CASSE &#038; VOL ENTRETIEN, USURE &amp; CASSE Le mat\u00e9riel doit \u00eatre rendu dans l&#8217;\u00e9tat dans lequel il a \u00e9t\u00e9...\" \/>\n<meta property=\"og:url\" content=\"https:\/\/maxima-studios.com\/en\/faq\/entretien\/\" \/>\n<meta property=\"og:site_name\" content=\"Maximaloc\" \/>\n<meta property=\"article:publisher\" content=\"https:\/\/www.facebook.com\/Maximalocation\" \/>\n<meta property=\"article:modified_time\" content=\"2024-08-20T21:12:39+00:00\" \/>\n<meta property=\"og:image\" content=\"https:\/\/maxima-studios.com\/wp-content\/uploads\/2024\/09\/website.webp\" \/>\n\t<meta property=\"og:image:width\" content=\"1230\" \/>\n\t<meta property=\"og:image:height\" content=\"675\" \/>\n\t<meta property=\"og:image:type\" content=\"image\/webp\" \/>\n<meta name=\"twitter:card\" content=\"summary_large_image\" \/>\n<meta name=\"twitter:label1\" content=\"Est. reading time\" \/>\n\t<meta name=\"twitter:data1\" content=\"1 minute\" \/>\n<script type=\"application\/ld+json\" class=\"yoast-schema-graph\">{\"@context\":\"https:\\\/\\\/schema.org\",\"@graph\":[{\"@type\":\"WebPage\",\"@id\":\"https:\\\/\\\/maxima-studios.com\\\/faq\\\/entretien\\\/\",\"url\":\"https:\\\/\\\/maxima-studios.com\\\/faq\\\/entretien\\\/\",\"name\":\"USURE, CASSE ET VOL - Maximaloc\",\"isPartOf\":{\"@id\":\"https:\\\/\\\/maxima-studios.com\\\/#website\"},\"datePublished\":\"2024-03-15T13:44:16+00:00\",\"dateModified\":\"2024-08-20T21:12:39+00:00\",\"breadcrumb\":{\"@id\":\"https:\\\/\\\/maxima-studios.com\\\/faq\\\/entretien\\\/#breadcrumb\"},\"inLanguage\":\"en-US\",\"potentialAction\":[{\"@type\":\"ReadAction\",\"target\":[\"https:\\\/\\\/maxima-studios.com\\\/faq\\\/entretien\\\/\"]}]},{\"@type\":\"BreadcrumbList\",\"@id\":\"https:\\\/\\\/maxima-studios.com\\\/faq\\\/entretien\\\/#breadcrumb\",\"itemListElement\":[{\"@type\":\"ListItem\",\"position\":1,\"name\":\"Accueil\",\"item\":\"https:\\\/\\\/maxima-studios.com\\\/\"},{\"@type\":\"ListItem\",\"position\":2,\"name\":\"FAQ\",\"item\":\"https:\\\/\\\/maxima-studios.com\\\/faq\\\/\"},{\"@type\":\"ListItem\",\"position\":3,\"name\":\"USURE, CASSE ET VOL\"}]},{\"@type\":\"WebSite\",\"@id\":\"https:\\\/\\\/maxima-studios.com\\\/#website\",\"url\":\"https:\\\/\\\/maxima-studios.com\\\/\",\"name\":\"Maximaloc\",\"description\":\"\",\"publisher\":{\"@id\":\"https:\\\/\\\/maxima-studios.com\\\/#organization\"},\"potentialAction\":[{\"@type\":\"SearchAction\",\"target\":{\"@type\":\"EntryPoint\",\"urlTemplate\":\"https:\\\/\\\/maxima-studios.com\\\/?s={search_term_string}\"},\"query-input\":{\"@type\":\"PropertyValueSpecification\",\"valueRequired\":true,\"valueName\":\"search_term_string\"}}],\"inLanguage\":\"en-US\"},{\"@type\":\"Organization\",\"@id\":\"https:\\\/\\\/maxima-studios.com\\\/#organization\",\"name\":\"Maximaloc\",\"url\":\"https:\\\/\\\/maxima-studios.com\\\/\",\"logo\":{\"@type\":\"ImageObject\",\"inLanguage\":\"en-US\",\"@id\":\"https:\\\/\\\/maxima-studios.com\\\/#\\\/schema\\\/logo\\\/image\\\/\",\"url\":\"https:\\\/\\\/maxima-studios.com\\\/wp-content\\\/uploads\\\/2024\\\/03\\\/logo_noir-scaled.png\",\"contentUrl\":\"https:\\\/\\\/maxima-studios.com\\\/wp-content\\\/uploads\\\/2024\\\/03\\\/logo_noir-scaled.png\",\"width\":2560,\"height\":268,\"caption\":\"Maximaloc\"},\"image\":{\"@id\":\"https:\\\/\\\/maxima-studios.com\\\/#\\\/schema\\\/logo\\\/image\\\/\"},\"sameAs\":[\"https:\\\/\\\/www.facebook.com\\\/Maximalocation\"]}]}<\/script>\n<!-- \/ Yoast SEO plugin. -->","yoast_head_json":{"title":"USURE, CASSE ET VOL - Maximaloc","robots":{"index":"index","follow":"follow","max-snippet":"max-snippet:-1","max-image-preview":"max-image-preview:large","max-video-preview":"max-video-preview:-1"},"canonical":"https:\/\/maxima-studios.com\/en\/faq\/entretien\/","og_locale":"en_US","og_type":"article","og_title":"USURE, CASSE ET VOL - Maximaloc","og_description":"USURE, CASSE &#038; VOL ENTRETIEN, USURE &amp; CASSE Le mat\u00e9riel doit \u00eatre rendu dans l&#8217;\u00e9tat dans lequel il a \u00e9t\u00e9...","og_url":"https:\/\/maxima-studios.com\/en\/faq\/entretien\/","og_site_name":"Maximaloc","article_publisher":"https:\/\/www.facebook.com\/Maximalocation","article_modified_time":"2024-08-20T21:12:39+00:00","og_image":[{"width":1230,"height":675,"url":"https:\/\/maxima-studios.com\/wp-content\/uploads\/2024\/09\/website.webp","type":"image\/webp"}],"twitter_card":"summary_large_image","twitter_misc":{"Est. reading time":"1 minute"},"schema":{"@context":"https:\/\/schema.org","@graph":[{"@type":"WebPage","@id":"https:\/\/maxima-studios.com\/faq\/entretien\/","url":"https:\/\/maxima-studios.com\/faq\/entretien\/","name":"USURE, CASSE ET VOL - Maximaloc","isPartOf":{"@id":"https:\/\/maxima-studios.com\/#website"},"datePublished":"2024-03-15T13:44:16+00:00","dateModified":"2024-08-20T21:12:39+00:00","breadcrumb":{"@id":"https:\/\/maxima-studios.com\/faq\/entretien\/#breadcrumb"},"inLanguage":"en-US","potentialAction":[{"@type":"ReadAction","target":["https:\/\/maxima-studios.com\/faq\/entretien\/"]}]},{"@type":"BreadcrumbList","@id":"https:\/\/maxima-studios.com\/faq\/entretien\/#breadcrumb","itemListElement":[{"@type":"ListItem","position":1,"name":"Accueil","item":"https:\/\/maxima-studios.com\/"},{"@type":"ListItem","position":2,"name":"FAQ","item":"https:\/\/maxima-studios.com\/faq\/"},{"@type":"ListItem","position":3,"name":"USURE, CASSE ET VOL"}]},{"@type":"WebSite","@id":"https:\/\/maxima-studios.com\/#website","url":"https:\/\/maxima-studios.com\/","name":"Maximaloc","description":"","publisher":{"@id":"https:\/\/maxima-studios.com\/#organization"},"potentialAction":[{"@type":"SearchAction","target":{"@type":"EntryPoint","urlTemplate":"https:\/\/maxima-studios.com\/?s={search_term_string}"},"query-input":{"@type":"PropertyValueSpecification","valueRequired":true,"valueName":"search_term_string"}}],"inLanguage":"en-US"},{"@type":"Organization","@id":"https:\/\/maxima-studios.com\/#organization","name":"Maximaloc","url":"https:\/\/maxima-studios.com\/","logo":{"@type":"ImageObject","inLanguage":"en-US","@id":"https:\/\/maxima-studios.com\/#\/schema\/logo\/image\/","url":"https:\/\/maxima-studios.com\/wp-content\/uploads\/2024\/03\/logo_noir-scaled.png","contentUrl":"https:\/\/maxima-studios.com\/wp-content\/uploads\/2024\/03\/logo_noir-scaled.png","width":2560,"height":268,"caption":"Maximaloc"},"image":{"@id":"https:\/\/maxima-studios.com\/#\/schema\/logo\/image\/"},"sameAs":["https:\/\/www.facebook.com\/Maximalocation"]}]}},"_links":{"self":[{"href":"https:\/\/maxima-studios.com\/en\/wp-json\/wp\/v2\/pages\/1839","targetHints":{"allow":["GET"]}}],"collection":[{"href":"https:\/\/maxima-studios.com\/en\/wp-json\/wp\/v2\/pages"}],"about":[{"href":"https:\/\/maxima-studios.com\/en\/wp-json\/wp\/v2\/types\/page"}],"author":[{"embeddable":true,"href":"https:\/\/maxima-studios.com\/en\/wp-json\/wp\/v2\/users\/1"}],"replies":[{"embeddable":true,"href":"https:\/\/maxima-studios.com\/en\/wp-json\/wp\/v2\/comments?post=1839"}],"version-history":[{"count":48,"href":"https:\/\/maxima-studios.com\/en\/wp-json\/wp\/v2\/pages\/1839\/revisions"}],"predecessor-version":[{"id":17017,"href":"https:\/\/maxima-studios.com\/en\/wp-json\/wp\/v2\/pages\/1839\/revisions\/17017"}],"up":[{"embeddable":true,"href":"https:\/\/maxima-studios.com\/en\/wp-json\/wp\/v2\/pages\/44"}],"wp:attachment":[{"href":"https:\/\/maxima-studios.com\/en\/wp-json\/wp\/v2\/media?parent=1839"}],"curies":[{"name":"wp","href":"https:\/\/api.w.org\/{rel}","templated":true}]}}